{"id":1277,"date":"2023-05-17T14:01:33","date_gmt":"2023-05-17T12:01:33","guid":{"rendered":"https:\/\/terms.tech\/merci\/"},"modified":"2025-09-03T13:53:30","modified_gmt":"2025-09-03T11:53:30","slug":"merci","status":"publish","type":"page","link":"https:\/\/terms.tech\/fr\/merci\/","title":{"rendered":"Merci d&rsquo;avoir contact\u00e9 Terms.Tech"},"content":{"rendered":"<div class=\"gb-container gb-container-f126c920\">\n<div class=\"gb-container gb-container-84b7fca3\">\n\n<figure class=\"wp-block-image size-full is-resized\"><img decoding=\"async\" src=\"https:\/\/terms.tech\/wp-content\/uploads\/2025\/09\/A42Thanks.svg\" alt=\"\" class=\"wp-image-12086\" style=\"width:512px;height:390px\"\/><\/figure>\n\n\n\n<h1 class=\"wp-block-heading has-contrast-color has-text-color\"><strong>Merci de votre attention.<\/strong><\/h1>\n\n\n\n<p class=\"has-text-align-center has-area-42-eggplant-color has-text-color has-link-color wp-elements-d9c127da4cb7ce188cd7761583a0786a\">Merci de nous avoir contact\u00e9s !<br\/>Votre message vient d&rsquo;arriver dans notre bo\u00eete de r\u00e9ception. A bient\u00f4t ! <\/p>\n\n\n\n<a class=\"gb-button gb-button-8aa7a22a gb-button-text\" href=\"https:\/\/terms.tech\/fr\/\"><strong>Retour \u00e0 Terms.Tech<\/strong><\/a>\n\n<\/div>\n<\/div>","protected":false},"excerpt":{"rendered":"<p>Merci de votre attention. Merci de nous avoir contact\u00e9s !Votre message vient d&rsquo;arriver dans notre bo\u00eete de r\u00e9ception. A bient\u00f4t !<\/p>\n","protected":false},"author":2,"featured_media":1161,"parent":0,"menu_order":0,"comment_status":"closed","ping_status":"closed","template":"","meta":{"content-type":"","footnotes":""},"class_list":["post-1277","page","type-page","status-publish","has-post-thumbnail"],"_links":{"self":[{"href":"https:\/\/terms.tech\/fr\/wp-json\/wp\/v2\/pages\/1277","targetHints":{"allow":["GET"]}}],"collection":[{"href":"https:\/\/terms.tech\/fr\/wp-json\/wp\/v2\/pages"}],"about":[{"href":"https:\/\/terms.tech\/fr\/wp-json\/wp\/v2\/types\/page"}],"author":[{"embeddable":true,"href":"https:\/\/terms.tech\/fr\/wp-json\/wp\/v2\/users\/2"}],"replies":[{"embeddable":true,"href":"https:\/\/terms.tech\/fr\/wp-json\/wp\/v2\/comments?post=1277"}],"version-history":[{"count":1,"href":"https:\/\/terms.tech\/fr\/wp-json\/wp\/v2\/pages\/1277\/revisions"}],"predecessor-version":[{"id":12094,"href":"https:\/\/terms.tech\/fr\/wp-json\/wp\/v2\/pages\/1277\/revisions\/12094"}],"wp:featuredmedia":[{"embeddable":true,"href":"https:\/\/terms.tech\/fr\/wp-json\/wp\/v2\/media\/1161"}],"wp:attachment":[{"href":"https:\/\/terms.tech\/fr\/wp-json\/wp\/v2\/media?parent=1277"}],"curies":[{"name":"wp","href":"https:\/\/api.w.org\/{rel}","templated":true}]}}