{"id":7421,"date":"2024-03-13T14:28:36","date_gmt":"2024-03-13T13:28:36","guid":{"rendered":"https:\/\/terms.tech\/?page_id=7421"},"modified":"2025-01-24T09:48:30","modified_gmt":"2025-01-24T08:48:30","slug":"empleo","status":"publish","type":"page","link":"https:\/\/terms.tech\/es\/empleo\/","title":{"rendered":"Empleo"},"content":{"rendered":"<div class=\"gb-container gb-container-8d0d179a\">\n<div class=\"gb-container gb-container-a20ca476\">\n<div class=\"gb-container gb-container-e2d845a6\">\n<div class=\"gb-container gb-container-8e75f070\">\n\n<h1 class=\"gb-headline gb-headline-db6b1c43 gb-headline-text\"><strong>Ay\u00fadanos a revolucionar las condiciones de pago B2B<\/strong> <\/h1>\n\n\n\n<p>Si est\u00e1s aqu\u00ed, \u00a1significa que est\u00e1s muy cerca de tu pr\u00f3ximo paso profesional! A un solo clic. <\/p>\n\n\n\n<p>Estamos creando una soluci\u00f3n B2B de compra ahora y pago despu\u00e9s que cambiar\u00e1 el negocio de las PYMES y los mercados. Ofrecemos condiciones de pago flexibles de hasta 120 d\u00edas en el EEE y Suiza.   <\/p>\n\n\n\n<p>Pero hacen falta personas incre\u00edbles para impulsarlo.  <\/p>\n\n\n\n<p>\u00bfEst\u00e1s preparado para unirte a nosotros?  <\/p>\n\n\n\n<div class=\"wp-block-buttons is-content-justification-center is-layout-flex wp-container-core-buttons-is-layout-1 wp-block-buttons-is-layout-flex\">\n<div class=\"wp-block-button\"><a class=\"wp-block-button__link wp-element-button\" href=\"#Joboffers\" style=\"border-radius:100px\"><strong>Saltar a las ofertas de empleo<\/strong><\/a><\/div>\n<\/div>\n\n<\/div>\n<\/div>\n<\/div>\n\n<div class=\"gb-container gb-container-f923ed03\">\n\n<figure class=\"wp-block-image size-full is-resized\"><img decoding=\"async\" src=\"https:\/\/terms.tech\/wp-content\/uploads\/2024\/03\/terms.tech_Careers.svg\" alt=\"\" class=\"wp-image-7586\" style=\"width:800px\" width=\"800\"\/><\/figure>\n\n<\/div>\n<\/div><div class=\"gb-container gb-container-adc54b75\">\n<div class=\"gb-container gb-container-fa5d69ba\" id=\"Joboffers\">\n<div class=\"gb-container gb-container-f28c2814\">\n\n<h2 class=\"gb-headline gb-headline-2fe5dcdd gb-headline-text\"><strong>Empleo en Terms.Tech<\/strong><\/h2>\n\n\n\n<p>Elige la funci\u00f3n que mejor se adapte a tus aptitudes.  <br\/>\u00a1Estamos deseando conocerte!<\/p>\n\n<\/div>\n<\/div>\n\n<div class=\"gb-container gb-container-439dc396\">\n\n<div class=\"gb-grid-wrapper gb-grid-wrapper-7fb0490e gb-query-loop-wrapper\"><\/div>\n\n<\/div>\n<\/div><div class=\"gb-container gb-container-5e2cd1cd\">\n<div class=\"gb-container gb-container-d9f029b7\">\n<div class=\"gb-container gb-container-19af871d\">\n<div class=\"gb-container gb-container-b669a11d\">\n\n<h2 class=\"wp-block-heading has-base-3-color has-text-color\">\u00bfListo para hacer crecer su negocio con nosotros?<\/h2>\n\n\n\n<p class=\"has-base-3-color has-text-color\">Vende m\u00e1s y aumenta tus ingresos con nuestras soluciones de pago B2B totalmente personalizables.<\/p>\n\n\n\n<div class=\"wp-block-buttons is-content-justification-center is-layout-flex wp-container-core-buttons-is-layout-2 wp-block-buttons-is-layout-flex\">\n<div class=\"wp-block-button\"><a class=\"wp-block-button__link wp-element-button\" href=\"https:\/\/terms.tech\/es\/contactenos-para-b2b-bnpl\/#contactform\" style=\"border-radius:100px\"><strong>Contactanos<\/strong><\/a><\/div>\n<\/div>\n\n<\/div>\n<\/div>\n<\/div>\n<\/div>","protected":false},"excerpt":{"rendered":"<p>Ay\u00fadanos a revolucionar las condiciones de pago B2B Si est\u00e1s aqu\u00ed, \u00a1significa que est\u00e1s muy cerca de tu pr\u00f3ximo paso profesional! A un solo clic. Estamos creando una soluci\u00f3n B2B de compra ahora y pago despu\u00e9s que cambiar\u00e1 el negocio de las PYMES y los mercados. Ofrecemos condiciones de pago flexibles de hasta 120 d\u00edas &#8230; <a title=\"Empleo\" class=\"read-more\" href=\"https:\/\/terms.tech\/es\/empleo\/\" aria-label=\"M\u00e1s en Empleo\">Leer m\u00e1s<\/a><\/p>\n","protected":false},"author":2,"featured_media":7591,"parent":0,"menu_order":0,"comment_status":"closed","ping_status":"closed","template":"","meta":{"content-type":"","footnotes":""},"class_list":["post-7421","page","type-page","status-publish","has-post-thumbnail"],"_links":{"self":[{"href":"https:\/\/terms.tech\/es\/wp-json\/wp\/v2\/pages\/7421","targetHints":{"allow":["GET"]}}],"collection":[{"href":"https:\/\/terms.tech\/es\/wp-json\/wp\/v2\/pages"}],"about":[{"href":"https:\/\/terms.tech\/es\/wp-json\/wp\/v2\/types\/page"}],"author":[{"embeddable":true,"href":"https:\/\/terms.tech\/es\/wp-json\/wp\/v2\/users\/2"}],"replies":[{"embeddable":true,"href":"https:\/\/terms.tech\/es\/wp-json\/wp\/v2\/comments?post=7421"}],"version-history":[{"count":0,"href":"https:\/\/terms.tech\/es\/wp-json\/wp\/v2\/pages\/7421\/revisions"}],"wp:featuredmedia":[{"embeddable":true,"href":"https:\/\/terms.tech\/es\/wp-json\/wp\/v2\/media\/7591"}],"wp:attachment":[{"href":"https:\/\/terms.tech\/es\/wp-json\/wp\/v2\/media?parent=7421"}],"curies":[{"name":"wp","href":"https:\/\/api.w.org\/{rel}","templated":true}]}}